{"id":3715,"date":"2023-07-13T19:31:19","date_gmt":"2023-07-13T23:31:19","guid":{"rendered":"https:\/\/members.cutaactu.ca\/log-in\/"},"modified":"2026-01-08T14:29:32","modified_gmt":"2026-01-08T19:29:32","slug":"log-in","status":"publish","type":"page","link":"https:\/\/members.cutaactu.ca\/fr\/log-in\/","title":{"rendered":"Home"},"content":{"rendered":"<div style=\"display: flex; justify-content: center; align-items: flex-start; gap: 20px; margin: 20px;\">\n<p><!-- Login Form Section --><\/p>\n<div class=\"fade-in-left\" style=\"flex: 1; max-width: 400px; border: 1px solid #ccc; padding: 20px; border-radius: 8px;\">\n<p style=\"text-align: center;\">\n\n<!-- Memberium-WordPress Login Form -->\n<form name=\"loginform\" id=\"loginform\" action=\"https:\/\/members.cutaactu.ca\/fr\/wp-login.php\" method=\"post\"><p class=\"login-username\">\n\t\t\t\t<label for=\"user_login\">Adresse e-mail<\/label>\n\t\t\t\t<input type=\"text\" name=\"log\" id=\"user_login\" autocomplete=\"username\" class=\"input\" value=\"\" size=\"20\" \/>\n\t\t\t<\/p><p class=\"login-password\">\n\t\t\t\t<label for=\"user_pass\">Mot de passe<\/label>\n\t\t\t\t<input type=\"password\" name=\"pwd\" id=\"user_pass\" autocomplete=\"current-password\" spellcheck=\"false\" class=\"input\" value=\"\" size=\"20\" \/>\n\t\t\t<\/p><p class=\"login-remember\"><label><input name=\"rememberme\" type=\"checkbox\" id=\"rememberme\" value=\"forever\" \/> Souviens-toi de moi<\/label><\/p><p class=\"login-submit\">\n\t\t\t\t<input type=\"submit\" name=\"wp-submit\" id=\"wp-submit\" class=\"button button-primary\" value=\"Se connecter\" \/>\n\t\t\t\t<input type=\"hidden\" name=\"redirect_to\" value=\"\/fr\/dashboard\/\" \/>\n\t\t\t<\/p><input name='bruteforcecheck' type='hidden' value='3569830043' \/><\/form><\/p>\n<p style=\"text-align: center;\"><a class=\"login-page\" href=\"https:\/\/members.cutaactu.ca\/wp-login.php?action=lostpassword\">R\u00e9initialiser\/Modifier le mot de passe<\/a><\/p>\n<p style=\"text-align: center;\">Nous recommandons aux utilisateurs de contacter leur service informatique afin de d\u00e9bloquer ou d\u2019ajouter \u00e0 la liste des exp\u00e9diteurs autoris\u00e9s les courriels provenant de <em>wordpress@members.cutaactu.ca<\/em><\/p>\n<p style=\"text-align: center;\">Si vous \u00e9prouvez des difficult\u00e9s \u00e0 vous connecter au site, veuillez <a class=\"login-page\" href=\"https:\/\/members.cutaactu.ca\/fr\/soutien\/\">contacter le support technique.<\/a>.<\/p>\n<\/div>\n<div id=\"loading\" style=\"display: none;\">Loading&#8230;<\/div>\n<p><!-- Content Section --><\/p>\n<div class=\"fade-in-right\" style=\"flex: 2; padding: 20px;\">\n<h3 style=\"text-align: center;\">Qu\u2019est-ce que l\u2019\u00e9change ACTU?<\/h3>\n<p>L\u2019\u00e9change ACTU e est la communaut\u00e9 en ligne exclusive de l\u2019ACTU, r\u00e9serv\u00e9e aux membres, con\u00e7ue pour vous connecter avec des professionnels du transport collectif et des coll\u00e8gues de l\u2019industrie.<\/p>\n<p>Les comit\u00e9s en ligne de l\u2019\u00e9change ACTU refl\u00e8tent les comit\u00e9s r\u00e9els de l\u2019ACTU. Si vous faites d\u00e9j\u00e0 partie d\u2019un comit\u00e9 de l\u2019ACTU, vous aurez automatiquement acc\u00e8s \u00e0 son \u00e9quivalent en ligne. Vous pouvez \u00e9galement explorer et demander \u00e0 rejoindre d\u2019autres comit\u00e9s correspondant \u00e0 vos int\u00e9r\u00eats. L\u2019\u00e9change ACTU vous permet de :<\/p>\n<ul style=\"text-align: left; list-style: disc; padding-left: 40px;\">\n<li>Partager des id\u00e9es et des perspectives<\/li>\n<li>Participer \u00e0 des discussions en cours<\/li>\n<li>D\u00e9couvrir et d\u00e9velopper des pratiques exemplaires<\/li>\n<li>Rester inform\u00e9 et connect\u00e9<\/li>\n<\/ul>\n<hr \/>\n<p style=\"text-align: center;\"><strong>Commencer est facile ! Suivez ces quatre \u00e9tapes : <\/strong><\/p>\n<ul style=\"text-align: left; list-style: disc; padding-left: 40px;\">\n<li>Connectez-vous \u00e0 votre compte.<\/li>\n<li>Consultez les <a class=\"login-page\" href=\"https:\/\/members.cutaactu.ca\/fr\/politique-de-confidentialite\/\">directives de discussion et les conditions d\u2019utilisation. <\/a><\/li>\n<li>Visitez la page \u00ab Mes comit\u00e9s \u00bb pour acc\u00e9der \u00e0 vos groupes.<\/li>\n<li>Compl\u00e9tez et mettez \u00e0 jour votre profil.<\/li>\n<\/ul>\n<p style=\"text-align: center; font-size: 10px; padding: 10px;\"><em>En offrant un espace num\u00e9rique s\u00e9curis\u00e9 permettant aux membres de l\u2019ACTU de collaborer, l\u2019\u00e9change ACTU renforce l\u2019engagement de l\u2019association \u00e0 inspirer et \u00e0 influencer l\u2019\u00e9volution de la mobilit\u00e9 int\u00e9gr\u00e9e. <\/em><\/p>\n<\/div>\n<\/div>\n","protected":false},"excerpt":{"rendered":"<p>R\u00e9initialiser\/Modifier le mot de passe Nous recommandons aux utilisateurs de contacter leur service informatique afin de d\u00e9bloquer ou d\u2019ajouter \u00e0 la liste des exp\u00e9diteurs autoris\u00e9s les courriels provenant de wordpress@members.cutaactu.ca Si vous \u00e9prouvez des difficult\u00e9s \u00e0 vous connecter au site, veuillez contacter le support technique.. Loading&#8230; Qu\u2019est-ce que l\u2019\u00e9change ACTU? L\u2019\u00e9change ACTU e est la [&hellip;]<\/p>\n","protected":false},"author":1,"featured_media":0,"parent":0,"menu_order":0,"comment_status":"closed","ping_status":"closed","template":"page-templates\/full-width-container.php","meta":{"_acf_changed":false,"footnotes":""},"class_list":["post-3715","page","type-page","status-publish","hentry"],"acf":[],"featured_image_src":null,"featured_image_src_square":null,"_links":{"self":[{"href":"https:\/\/members.cutaactu.ca\/fr\/wp-json\/wp\/v2\/pages\/3715","targetHints":{"allow":["GET"]}}],"collection":[{"href":"https:\/\/members.cutaactu.ca\/fr\/wp-json\/wp\/v2\/pages"}],"about":[{"href":"https:\/\/members.cutaactu.ca\/fr\/wp-json\/wp\/v2\/types\/page"}],"author":[{"embeddable":true,"href":"https:\/\/members.cutaactu.ca\/fr\/wp-json\/wp\/v2\/users\/1"}],"replies":[{"embeddable":true,"href":"https:\/\/members.cutaactu.ca\/fr\/wp-json\/wp\/v2\/comments?post=3715"}],"version-history":[{"count":0,"href":"https:\/\/members.cutaactu.ca\/fr\/wp-json\/wp\/v2\/pages\/3715\/revisions"}],"wp:attachment":[{"href":"https:\/\/members.cutaactu.ca\/fr\/wp-json\/wp\/v2\/media?parent=3715"}],"curies":[{"name":"wp","href":"https:\/\/api.w.org\/{rel}","templated":true}]}}